{"id":190,"date":"2026-02-02T11:48:57","date_gmt":"2026-02-02T11:48:57","guid":{"rendered":"https:\/\/blog-pp5xfgbppi.live-website.com\/?page_id=190"},"modified":"2026-02-22T20:05:36","modified_gmt":"2026-02-22T20:05:36","slug":"startseite","status":"publish","type":"page","link":"https:\/\/ginisideofthings.com\/de\/","title":{"rendered":"Home"},"content":{"rendered":"<div class=\"wp-block-group alignfull has-text-color has-background has-link-color wp-elements-0d2f2ca01a77d38b3ff51858afd9f3c5 has-global-padding is-layout-constrained wp-container-core-group-is-layout-f8387334 wp-block-group-is-layout-constrained\" style=\"color:#f8f2ed;background-color:#520c17\">\n<div class=\"wp-block-group has-global-padding is-layout-constrained wp-block-group-is-layout-constrained\">\n<div style=\"height:clamp(2rem, 8vw, 3rem);width:0px\" aria-hidden=\"true\" class=\"wp-block-spacer\"><\/div>\n\n\n\n<h1 class=\"wp-block-heading has-text-color has-link-color wp-elements-f3fc7e7601420058a520887663c503d4\" style=\"color:#f8f2ed\">Hallo - ich bin Gini und dies ist meine Seite der Dinge<\/h1>\n\n\n\n<div style=\"height:var(--wp--preset--spacing--20);width:0px\" aria-hidden=\"true\" class=\"wp-block-spacer\"><\/div>\n\n\n\n<p>Your cozy pop culture blog for everyone who feels deeply, loves loudly, and uses fandom for curiosity, comfort, and connection.<\/p>\n\n\n\n<p>Dies ist ein gesch\u00fctzter Raum f\u00fcr Gedanken, die nicht immer in eine Schublade passen: Sport, Musik, Fernsehsendungen, Filme, Reisen und all die Gef\u00fchle, die damit einhergehen. Hier finden Sie pers\u00f6nliche \u00dcberlegungen, Empfehlungen und stille Beobachtungen - manchmal nachdenklich, manchmal chaotisch, aber immer ehrlich.<\/p>\n\n\n\n<p>This space is all about connection: across interests, emotions, and fandoms. A place where different passions can exist side by side and intertwine. This is my corner of the internet for everything worth fangirling about.<\/p>\n\n\n\n<p>Take a look around. Stay as long as you like. You\u2019re welcome here \ud83e\udd0d<\/p>\n\n\n\n<div style=\"height:var(--wp--preset--spacing--20);width:0px\" aria-hidden=\"true\" class=\"wp-block-spacer\"><\/div>\n\n\n\n<div class=\"wp-block-buttons is-horizontal is-content-justification-center is-layout-flex wp-container-core-buttons-is-layout-8feca553 wp-block-buttons-is-layout-flex\" style=\"padding-top:0;padding-bottom:0\">\n<div class=\"wp-block-button has-custom-width wp-block-button__width-50\"><a class=\"wp-block-button__link wp-element-button\" href=\"https:\/\/ginisideofthings.com\/de\/about\/\">\u00dcber mich<\/a><\/div>\n\n\n\n<div class=\"wp-block-button has-custom-width wp-block-button__width-50\"><a class=\"wp-block-button__link wp-element-button\" href=\"https:\/\/ginisideofthings.com\/de\/blog\/\">Blog<\/a><\/div>\n<\/div>\n\n\n\n<div class=\"wp-block-columns is-layout-flex wp-container-core-columns-is-layout-28f84493 wp-block-columns-is-layout-flex\">\n<div class=\"wp-block-column is-layout-flow wp-block-column-is-layout-flow\">\n<div class=\"wp-block-columns is-layout-flex wp-container-core-columns-is-layout-28f84493 wp-block-columns-is-layout-flex\">\n<div class=\"wp-block-column is-layout-flow wp-block-column-is-layout-flow\">\n<div class=\"wp-block-buttons is-layout-flex wp-block-buttons-is-layout-flex\">\n<div class=\"wp-block-button has-custom-width wp-block-button__width-100\"><a class=\"wp-block-button__link wp-element-button\" href=\"https:\/\/ginisideofthings.com\/de\/sports\/\">Sport<\/a><\/div>\n<\/div>\n<\/div>\n\n\n\n<div class=\"wp-block-column is-layout-flow wp-block-column-is-layout-flow\">\n<div class=\"wp-block-buttons is-layout-flex wp-block-buttons-is-layout-flex\">\n<div class=\"wp-block-button has-custom-width wp-block-button__width-100\"><a class=\"wp-block-button__link wp-element-button\" href=\"https:\/\/ginisideofthings.com\/de\/shows-movies\/\">Shows &amp; Filme<\/a><\/div>\n<\/div>\n<\/div>\n<\/div>\n<\/div>\n\n\n\n<div class=\"wp-block-column is-layout-flow wp-block-column-is-layout-flow\">\n<div class=\"wp-block-columns is-layout-flex wp-container-core-columns-is-layout-28f84493 wp-block-columns-is-layout-flex\">\n<div class=\"wp-block-column is-layout-flow wp-block-column-is-layout-flow\">\n<div class=\"wp-block-buttons is-layout-flex wp-block-buttons-is-layout-flex\">\n<div class=\"wp-block-button has-custom-width wp-block-button__width-100\"><a class=\"wp-block-button__link wp-element-button\" href=\"https:\/\/ginisideofthings.com\/de\/music\/\">Musik<\/a><\/div>\n<\/div>\n<\/div>\n\n\n\n<div class=\"wp-block-column is-layout-flow wp-block-column-is-layout-flow\">\n<div class=\"wp-block-buttons is-layout-flex wp-block-buttons-is-layout-flex\">\n<div class=\"wp-block-button has-custom-width wp-block-button__width-100\"><a class=\"wp-block-button__link wp-element-button\" href=\"https:\/\/ginisideofthings.com\/de\/travel\/\">Reisen<\/a><\/div>\n<\/div>\n<\/div>\n<\/div>\n<\/div>\n<\/div>\n\n\n\n<div style=\"height:clamp(2rem, 8vw, 3rem);width:0px\" aria-hidden=\"true\" class=\"wp-block-spacer\"><\/div>\n<\/div>\n<\/div>\n\n\n\n<div style=\"height:var(--wp--preset--spacing--20)\" aria-hidden=\"true\" class=\"wp-block-spacer\"><\/div>\n\n\n\n<div class=\"wp-block-group alignwide has-global-padding is-layout-constrained wp-container-core-group-is-layout-8f41786f wp-block-group-is-layout-constrained\" style=\"padding-right:var(--wp--preset--spacing--40);padding-left:var(--wp--preset--spacing--40)\">\n<h2 class=\"wp-block-heading alignfull has-text-align-center\">Latest Blog Posts<\/h2>\n\n\n\n<div class=\"wp-block-query alignfull is-layout-flow wp-block-query-is-layout-flow\"><ul class=\"columns-3 wp-block-post-template has-small-font-size is-layout-grid wp-container-core-post-template-is-layout-6d3fbd8f wp-block-post-template-is-layout-grid\"><li class=\"wp-block-post post-1095 post type-post status-publish format-standard hentry category-sports tag-cm-punk tag-cody-rhodes tag-wrestlemania-42 tag-wrestling-commentary tag-wwe tag-wwe-elimination-chamber-2026 tag-wwe-raw tag-wwe-review tag-wwe-smackdown\">\n<h2 class=\"wp-block-post-title\">WWE Elimination Chamber 2026: The Good, The Weird, and What It Means for WrestleMania 42<\/h2>\n\n<div class=\"wp-block-post-excerpt\"><p class=\"wp-block-post-excerpt__excerpt\">WWE Elimination Chamber 2026 had one job: setting the stage for WrestleMania 42. Some moments delivered, others raised serious questions. Here&#8217;s my full recap and commentary on everything from SmackDown the night before to SmackDown the week after.<\/p><p class=\"wp-block-post-excerpt__more-text\"><a class=\"wp-block-post-excerpt__more-link\" href=\"https:\/\/ginisideofthings.com\/de\/wwe-elimination-chamber-2026-full-recap\/\">\/Read more \u2728<\/a><\/p><\/div>\n<\/li><li class=\"wp-block-post post-1090 post type-post status-publish format-standard hentry category-film-and-shows tag-historical-drama tag-historical-romance tag-james-fraser tag-netflix-series tag-outlander tag-outlander-season-8 tag-show-preview tag-sophie-skelton tag-theories tag-time-travel tag-tv-preview\">\n<h2 class=\"wp-block-post-title\">Outlander Season 8: Theories, Time Travel, and Everything That Still Haunts Us (Part 2)<\/h2>\n\n<div class=\"wp-block-post-excerpt\"><p class=\"wp-block-post-excerpt__excerpt\">From time-travel paradoxes to lingering mysteries, this second part dives into theories, trailer clues, favorite characters, and hopes for Outlander\u2019s final season.<\/p><p class=\"wp-block-post-excerpt__more-text\"><a class=\"wp-block-post-excerpt__more-link\" href=\"https:\/\/ginisideofthings.com\/de\/outlander-season-8-theories-and-expectations\/\">\/Read more \u2728<\/a><\/p><\/div>\n<\/li><li class=\"wp-block-post post-1085 post type-post status-publish format-standard hentry category-film-and-shows tag-historical-drama tag-historical-romance tag-james-fraser tag-netflix-series tag-outlander tag-outlander-season-8 tag-show-preview tag-sophie-skelton tag-time-travel tag-tv-preview\">\n<h2 class=\"wp-block-post-title\">Outlander Season 8: Everything That Led Us Here (Part 1 \u2013 Full Recap)<\/h2>\n\n<div class=\"wp-block-post-excerpt\"><p class=\"wp-block-post-excerpt__excerpt\">Before Season 8 arrives, here\u2019s everything that led us to this point. From Claire\u2019s arrival to the chaos of Season 7. This recap revisits the love, war, and time-travel that shaped Outlander\u2019s story so far.<\/p><p class=\"wp-block-post-excerpt__more-text\"><a class=\"wp-block-post-excerpt__more-link\" href=\"https:\/\/ginisideofthings.com\/de\/outlander-season-8-recap-and-preview\/\">\/Read more \u2728<\/a><\/p><\/div>\n<\/li><\/ul>\n\n<\/div>\n\n\n\n<div style=\"height:var(--wp--preset--spacing--40)\" aria-hidden=\"true\" class=\"wp-block-spacer\"><\/div>\n<\/div>","protected":false},"excerpt":{"rendered":"<p>Hi &#8211; I am Gini and this is my side of things Your cozy pop culture blog for everyone who feels deeply, loves loudly, and uses fandom for curiosity, comfort, and connection. This is a safe space for thoughts that don\u2019t always fit into neat boxes: sports, music, TV shows, films, travel, and all the [&hellip;]<\/p>\n","protected":false},"author":1,"featured_media":0,"parent":0,"menu_order":0,"comment_status":"closed","ping_status":"closed","template":"page-with-title","meta":{"footnotes":""},"class_list":["post-190","page","type-page","status-publish","hentry"],"_links":{"self":[{"href":"https:\/\/ginisideofthings.com\/de\/wp-json\/wp\/v2\/pages\/190","targetHints":{"allow":["GET"]}}],"collection":[{"href":"https:\/\/ginisideofthings.com\/de\/wp-json\/wp\/v2\/pages"}],"about":[{"href":"https:\/\/ginisideofthings.com\/de\/wp-json\/wp\/v2\/types\/page"}],"author":[{"embeddable":true,"href":"https:\/\/ginisideofthings.com\/de\/wp-json\/wp\/v2\/users\/1"}],"replies":[{"embeddable":true,"href":"https:\/\/ginisideofthings.com\/de\/wp-json\/wp\/v2\/comments?post=190"}],"version-history":[{"count":35,"href":"https:\/\/ginisideofthings.com\/de\/wp-json\/wp\/v2\/pages\/190\/revisions"}],"predecessor-version":[{"id":1077,"href":"https:\/\/ginisideofthings.com\/de\/wp-json\/wp\/v2\/pages\/190\/revisions\/1077"}],"wp:attachment":[{"href":"https:\/\/ginisideofthings.com\/de\/wp-json\/wp\/v2\/media?parent=190"}],"curies":[{"name":"wp","href":"https:\/\/api.w.org\/{rel}","templated":true}]}}